{"id":13,"date":"2023-06-29T14:14:08","date_gmt":"2023-06-29T17:14:08","guid":{"rendered":"https:\/\/tree.escolaopenmind.com\/?page_id=13"},"modified":"2024-06-29T11:24:18","modified_gmt":"2024-06-29T14:24:18","slug":"link-tree-escola-open-mind","status":"publish","type":"page","link":"https:\/\/tree.escolaopenmind.com\/","title":{"rendered":"Link Tree | Escola Open Mind"},"content":{"rendered":"\t\t<div data-elementor-type=\"wp-page\" data-elementor-id=\"13\" class=\"elementor elementor-13\">\n\t\t\t\t\t\t\t\t\t<section class=\"elementor-section elementor-top-section elementor-element elementor-element-bb037fe elementor-section-boxed elementor-section-height-default elementor-section-height-default\" data-id=\"bb037fe\" data-element_type=\"section\">\n\t\t\t\t\t\t<div class=\"elementor-container elementor-column-gap-default\">\n\t\t\t\t\t<div class=\"elementor-column elementor-col-100 elementor-top-column elementor-element elementor-element-740b473\" data-id=\"740b473\" data-element_type=\"column\">\n\t\t\t<div class=\"elementor-widget-wrap elementor-element-populated\">\n\t\t\t\t\t\t\t\t<div class=\"elementor-element elementor-element-d559e15 elementor-widget elementor-widget-theme-site-logo elementor-widget-image\" data-id=\"d559e15\" data-element_type=\"widget\" data-widget_type=\"theme-site-logo.default\">\n\t\t\t\t<div class=\"elementor-widget-container\">\n\t\t\t<style>\/*! elementor - v3.13.0 - 08-05-2023 *\/\n.elementor-widget-image{text-align:center}.elementor-widget-image a{display:inline-block}.elementor-widget-image a img[src$=\".svg\"]{width:48px}.elementor-widget-image img{vertical-align:middle;display:inline-block}<\/style>\t\t\t\t\t\t\t\t<a href=\"https:\/\/tree.escolaopenmind.com\">\n\t\t\t<img decoding=\"async\" width=\"1542\" height=\"407\" src=\"https:\/\/tree.escolaopenmind.com\/wp-content\/uploads\/2023\/06\/Logotipo_Open_Mind_Fundo_Roxo.png\" class=\"attachment-full size-full wp-image-19\" alt=\"\" loading=\"lazy\" srcset=\"https:\/\/tree.escolaopenmind.com\/wp-content\/uploads\/2023\/06\/Logotipo_Open_Mind_Fundo_Roxo.png 1542w, https:\/\/tree.escolaopenmind.com\/wp-content\/uploads\/2023\/06\/Logotipo_Open_Mind_Fundo_Roxo-300x79.png 300w, https:\/\/tree.escolaopenmind.com\/wp-content\/uploads\/2023\/06\/Logotipo_Open_Mind_Fundo_Roxo-1024x270.png 1024w, https:\/\/tree.escolaopenmind.com\/wp-content\/uploads\/2023\/06\/Logotipo_Open_Mind_Fundo_Roxo-768x203.png 768w, https:\/\/tree.escolaopenmind.com\/wp-content\/uploads\/2023\/06\/Logotipo_Open_Mind_Fundo_Roxo-1536x405.png 1536w\" sizes=\"(max-width: 1542px) 100vw, 1542px\" \/>\t\t\t\t<\/a>\n\t\t\t\t\t\t\t\t\t\t\t<\/div>\n\t\t\t\t<\/div>\n\t\t\t\t\t<\/div>\n\t\t<\/div>\n\t\t\t\t\t\t\t<\/div>\n\t\t<\/section>\n\t\t\t\t<section class=\"elementor-section elementor-top-section elementor-element elementor-element-aa53dc6 elementor-section-boxed elementor-section-height-default elementor-section-height-default\" data-id=\"aa53dc6\" data-element_type=\"section\">\n\t\t\t\t\t\t<div class=\"elementor-container elementor-column-gap-default\">\n\t\t\t\t\t<div class=\"elementor-column elementor-col-100 elementor-top-column elementor-element elementor-element-0acf171\" data-id=\"0acf171\" data-element_type=\"column\">\n\t\t\t<div class=\"elementor-widget-wrap elementor-element-populated\">\n\t\t\t\t\t\t\t\t<div class=\"elementor-element elementor-element-576d34f elementor-align-justify elementor-widget elementor-widget-button\" data-id=\"576d34f\" data-element_type=\"widget\" data-widget_type=\"button.default\">\n\t\t\t\t<div class=\"elementor-widget-container\">\n\t\t\t\t\t<div class=\"elementor-button-wrapper\">\n\t\t\t<a href=\"https:\/\/escolaopenmind.com\/cadastro\" class=\"elementor-button-link elementor-button elementor-size-sm elementor-animation-grow\" role=\"button\">\n\t\t\t\t\t\t<span class=\"elementor-button-content-wrapper\">\n\t\t\t\t\t\t\t<span class=\"elementor-button-icon elementor-align-icon-left\">\n\t\t\t\t<i aria-hidden=\"true\" class=\"fas fa-globe\"><\/i>\t\t\t<\/span>\n\t\t\t\t\t\t<span class=\"elementor-button-text\">Saiba mais: Guia Pr\u00e1tico para Entrevista em Ingl\u00eas<\/span>\n\t\t<\/span>\n\t\t\t\t\t<\/a>\n\t\t<\/div>\n\t\t\t\t<\/div>\n\t\t\t\t<\/div>\n\t\t\t\t<div class=\"elementor-element elementor-element-f75028a elementor-align-justify elementor-widget elementor-widget-button\" data-id=\"f75028a\" data-element_type=\"widget\" data-widget_type=\"button.default\">\n\t\t\t\t<div class=\"elementor-widget-container\">\n\t\t\t\t\t<div class=\"elementor-button-wrapper\">\n\t\t\t<a href=\"https:\/\/chat.whatsapp.com\/JcruYztXhxJAycP2cLIXxw\" class=\"elementor-button-link elementor-button elementor-size-sm elementor-animation-grow\" role=\"button\">\n\t\t\t\t\t\t<span class=\"elementor-button-content-wrapper\">\n\t\t\t\t\t\t\t<span class=\"elementor-button-icon elementor-align-icon-left\">\n\t\t\t\t<i aria-hidden=\"true\" class=\"fab fa-whatsapp\"><\/i>\t\t\t<\/span>\n\t\t\t\t\t\t<span class=\"elementor-button-text\">Grupo VIP no WhatsApp: Guia Pr\u00e1tico<\/span>\n\t\t<\/span>\n\t\t\t\t\t<\/a>\n\t\t<\/div>\n\t\t\t\t<\/div>\n\t\t\t\t<\/div>\n\t\t\t\t<div class=\"elementor-element elementor-element-9a9d58f elementor-align-justify elementor-widget elementor-widget-button\" data-id=\"9a9d58f\" data-element_type=\"widget\" data-widget_type=\"button.default\">\n\t\t\t\t<div class=\"elementor-widget-container\">\n\t\t\t\t\t<div class=\"elementor-button-wrapper\">\n\t\t\t<a href=\"https:\/\/escolaopenmind.com\" class=\"elementor-button-link elementor-button elementor-size-sm elementor-animation-grow\" role=\"button\">\n\t\t\t\t\t\t<span class=\"elementor-button-content-wrapper\">\n\t\t\t\t\t\t\t<span class=\"elementor-button-icon elementor-align-icon-left\">\n\t\t\t\t<i aria-hidden=\"true\" class=\"fas fa-school\"><\/i>\t\t\t<\/span>\n\t\t\t\t\t\t<span class=\"elementor-button-text\">Site Escola Open Mind<\/span>\n\t\t<\/span>\n\t\t\t\t\t<\/a>\n\t\t<\/div>\n\t\t\t\t<\/div>\n\t\t\t\t<\/div>\n\t\t\t\t<div class=\"elementor-element elementor-element-5626d5c elementor-align-justify elementor-widget elementor-widget-button\" data-id=\"5626d5c\" data-element_type=\"widget\" data-widget_type=\"button.default\">\n\t\t\t\t<div class=\"elementor-widget-container\">\n\t\t\t\t\t<div class=\"elementor-button-wrapper\">\n\t\t\t<a href=\"https:\/\/web.whatsapp.com\/send?phone=5547999292239&#038;text=Ol%C3%A1!%20Estou%20acessando%20seu%20site%20e%20gostaria%20de%20mais%20informa%C3%A7%C3%B5es.\" class=\"elementor-button-link elementor-button elementor-size-sm elementor-animation-grow\" role=\"button\">\n\t\t\t\t\t\t<span class=\"elementor-button-content-wrapper\">\n\t\t\t\t\t\t\t<span class=\"elementor-button-icon elementor-align-icon-left\">\n\t\t\t\t<i aria-hidden=\"true\" class=\"fab fa-whatsapp\"><\/i>\t\t\t<\/span>\n\t\t\t\t\t\t<span class=\"elementor-button-text\">WhatsApp<\/span>\n\t\t<\/span>\n\t\t\t\t\t<\/a>\n\t\t<\/div>\n\t\t\t\t<\/div>\n\t\t\t\t<\/div>\n\t\t\t\t<div class=\"elementor-element elementor-element-3ab3e95 elementor-align-justify elementor-widget elementor-widget-button\" data-id=\"3ab3e95\" data-element_type=\"widget\" data-widget_type=\"button.default\">\n\t\t\t\t<div class=\"elementor-widget-container\">\n\t\t\t\t\t<div class=\"elementor-button-wrapper\">\n\t\t\t<a href=\"https:\/\/www.instagram.com\/escolaopenmind\/\" class=\"elementor-button-link elementor-button elementor-size-sm elementor-animation-grow\" role=\"button\">\n\t\t\t\t\t\t<span class=\"elementor-button-content-wrapper\">\n\t\t\t\t\t\t\t<span class=\"elementor-button-icon elementor-align-icon-left\">\n\t\t\t\t<i aria-hidden=\"true\" class=\"fab fa-instagram\"><\/i>\t\t\t<\/span>\n\t\t\t\t\t\t<span class=\"elementor-button-text\">Instagram<\/span>\n\t\t<\/span>\n\t\t\t\t\t<\/a>\n\t\t<\/div>\n\t\t\t\t<\/div>\n\t\t\t\t<\/div>\n\t\t\t\t<div class=\"elementor-element elementor-element-15eddb6 elementor-align-justify elementor-widget elementor-widget-button\" data-id=\"15eddb6\" data-element_type=\"widget\" data-widget_type=\"button.default\">\n\t\t\t\t<div class=\"elementor-widget-container\">\n\t\t\t\t\t<div class=\"elementor-button-wrapper\">\n\t\t\t<a href=\"https:\/\/www.tiktok.com\/@katia.openmind\" class=\"elementor-button-link elementor-button elementor-size-sm elementor-animation-grow\" role=\"button\">\n\t\t\t\t\t\t<span class=\"elementor-button-content-wrapper\">\n\t\t\t\t\t\t\t<span class=\"elementor-button-icon elementor-align-icon-left\">\n\t\t\t\t<i aria-hidden=\"true\" class=\"fab fa-tiktok\"><\/i>\t\t\t<\/span>\n\t\t\t\t\t\t<span class=\"elementor-button-text\">TikTok<\/span>\n\t\t<\/span>\n\t\t\t\t\t<\/a>\n\t\t<\/div>\n\t\t\t\t<\/div>\n\t\t\t\t<\/div>\n\t\t\t\t<div class=\"elementor-element elementor-element-c269a3b elementor-align-justify elementor-widget elementor-widget-button\" data-id=\"c269a3b\" data-element_type=\"widget\" data-widget_type=\"button.default\">\n\t\t\t\t<div class=\"elementor-widget-container\">\n\t\t\t\t\t<div class=\"elementor-button-wrapper\">\n\t\t\t<a href=\"https:\/\/www.youtube.com\/@escolaopenmind\" class=\"elementor-button-link elementor-button elementor-size-sm elementor-animation-grow\" role=\"button\">\n\t\t\t\t\t\t<span class=\"elementor-button-content-wrapper\">\n\t\t\t\t\t\t\t<span class=\"elementor-button-icon elementor-align-icon-left\">\n\t\t\t\t<i aria-hidden=\"true\" class=\"fab fa-youtube\"><\/i>\t\t\t<\/span>\n\t\t\t\t\t\t<span class=\"elementor-button-text\">YouTube<\/span>\n\t\t<\/span>\n\t\t\t\t\t<\/a>\n\t\t<\/div>\n\t\t\t\t<\/div>\n\t\t\t\t<\/div>\n\t\t\t\t<div class=\"elementor-element elementor-element-2ebfd81 elementor-align-justify elementor-widget elementor-widget-button\" data-id=\"2ebfd81\" data-element_type=\"widget\" data-widget_type=\"button.default\">\n\t\t\t\t<div class=\"elementor-widget-container\">\n\t\t\t\t\t<div class=\"elementor-button-wrapper\">\n\t\t\t<a href=\"https:\/\/br.linkedin.com\/in\/katia-queiroz-8596a5b1\" class=\"elementor-button-link elementor-button elementor-size-sm elementor-animation-grow\" role=\"button\">\n\t\t\t\t\t\t<span class=\"elementor-button-content-wrapper\">\n\t\t\t\t\t\t\t<span class=\"elementor-button-icon elementor-align-icon-left\">\n\t\t\t\t<i aria-hidden=\"true\" class=\"fab fa-linkedin\"><\/i>\t\t\t<\/span>\n\t\t\t\t\t\t<span class=\"elementor-button-text\">Linkedin<\/span>\n\t\t<\/span>\n\t\t\t\t\t<\/a>\n\t\t<\/div>\n\t\t\t\t<\/div>\n\t\t\t\t<\/div>\n\t\t\t\t\t<\/div>\n\t\t<\/div>\n\t\t\t\t\t\t\t<\/div>\n\t\t<\/section>\n\t\t\t\t\t\t\t<\/div>\n\t\t","protected":false},"excerpt":{"rendered":"<p>Saiba mais: Guia Pr\u00e1tico para Entrevista em Ingl\u00eas Grupo VIP no WhatsApp: Guia Pr\u00e1tico Site Escola Open Mind WhatsApp Instagram TikTok YouTube Linkedin<\/p>\n","protected":false},"author":1,"featured_media":0,"parent":0,"menu_order":0,"comment_status":"closed","ping_status":"closed","template":"elementor_canvas","meta":[],"yoast_head":"<!-- This site is optimized with the Yoast SEO Premium plugin v20.6 (Yoast SEO v20.6) - https:\/\/yoast.com\/wordpress\/plugins\/seo\/ -->\n<title>Link Tree | Escola Open Mind - Link Tree Escola Open Mind<\/title>\n<meta name=\"robots\" content=\"index, follow, max-snippet:-1, max-image-preview:large, max-video-preview:-1\" \/>\n<link rel=\"canonical\" href=\"https:\/\/tree.escolaopenmind.com\/\" \/>\n<meta property=\"og:locale\" content=\"en_US\" \/>\n<meta property=\"og:type\" content=\"article\" \/>\n<meta property=\"og:title\" content=\"Link Tree | Escola Open Mind\" \/>\n<meta property=\"og:description\" content=\"Saiba mais: Guia Pr\u00e1tico para Entrevista em Ingl\u00eas Grupo VIP no WhatsApp: Guia Pr\u00e1tico Site Escola Open Mind WhatsApp Instagram TikTok YouTube Linkedin\" \/>\n<meta property=\"og:url\" content=\"https:\/\/tree.escolaopenmind.com\/\" \/>\n<meta property=\"og:site_name\" content=\"Link Tree Escola Open Mind\" \/>\n<meta property=\"article:modified_time\" content=\"2024-06-29T14:24:18+00:00\" \/>\n<meta name=\"twitter:card\" content=\"summary_large_image\" \/>\n<meta name=\"twitter:label1\" content=\"Est. reading time\" \/>\n\t<meta name=\"twitter:data1\" content=\"1 minute\" \/>\n<script type=\"application\/ld+json\" class=\"yoast-schema-graph\">{\"@context\":\"https:\/\/schema.org\",\"@graph\":[{\"@type\":\"WebPage\",\"@id\":\"https:\/\/tree.escolaopenmind.com\/\",\"url\":\"https:\/\/tree.escolaopenmind.com\/\",\"name\":\"Link Tree | Escola Open Mind - Link Tree Escola Open Mind\",\"isPartOf\":{\"@id\":\"https:\/\/tree.escolaopenmind.com\/#website\"},\"datePublished\":\"2023-06-29T17:14:08+00:00\",\"dateModified\":\"2024-06-29T14:24:18+00:00\",\"breadcrumb\":{\"@id\":\"https:\/\/tree.escolaopenmind.com\/#breadcrumb\"},\"inLanguage\":\"en-US\",\"potentialAction\":[{\"@type\":\"ReadAction\",\"target\":[\"https:\/\/tree.escolaopenmind.com\/\"]}]},{\"@type\":\"BreadcrumbList\",\"@id\":\"https:\/\/tree.escolaopenmind.com\/#breadcrumb\",\"itemListElement\":[{\"@type\":\"ListItem\",\"position\":1,\"name\":\"Home\",\"item\":\"https:\/\/tree.escolaopenmind.com\/\"},{\"@type\":\"ListItem\",\"position\":2,\"name\":\"Link Tree | Escola Open Mind\"}]},{\"@type\":\"WebSite\",\"@id\":\"https:\/\/tree.escolaopenmind.com\/#website\",\"url\":\"https:\/\/tree.escolaopenmind.com\/\",\"name\":\"Link Tree Escola Open Mind\",\"description\":\"\",\"publisher\":{\"@id\":\"https:\/\/tree.escolaopenmind.com\/#organization\"},\"potentialAction\":[{\"@type\":\"SearchAction\",\"target\":{\"@type\":\"EntryPoint\",\"urlTemplate\":\"https:\/\/tree.escolaopenmind.com\/?s={search_term_string}\"},\"query-input\":\"required name=search_term_string\"}],\"inLanguage\":\"en-US\"},{\"@type\":[\"Organization\",\"Place\"],\"@id\":\"https:\/\/tree.escolaopenmind.com\/#organization\",\"name\":\"Escola Open Mind\",\"url\":\"https:\/\/tree.escolaopenmind.com\/\",\"logo\":{\"@id\":\"https:\/\/tree.escolaopenmind.com\/#local-main-organization-logo\"},\"image\":{\"@id\":\"https:\/\/tree.escolaopenmind.com\/#local-main-organization-logo\"},\"openingHoursSpecification\":[{\"@type\":\"OpeningHoursSpecification\",\"dayOfWeek\":[\"Sunday\",\"Monday\",\"Tuesday\",\"Wednesday\",\"Thursday\",\"Friday\",\"Saturday\"],\"opens\":\"09:00\",\"closes\":\"17:00\"}]},{\"@type\":\"ImageObject\",\"inLanguage\":\"en-US\",\"@id\":\"https:\/\/tree.escolaopenmind.com\/#local-main-organization-logo\",\"url\":\"https:\/\/tree.escolaopenmind.com\/wp-content\/uploads\/2023\/06\/icon.png\",\"contentUrl\":\"https:\/\/tree.escolaopenmind.com\/wp-content\/uploads\/2023\/06\/icon.png\",\"width\":500,\"height\":500,\"caption\":\"Escola Open Mind\"}]}<\/script>\n<!-- \/ Yoast SEO Premium plugin. -->","yoast_head_json":{"title":"Link Tree | Escola Open Mind - Link Tree Escola Open Mind","robots":{"index":"index","follow":"follow","max-snippet":"max-snippet:-1","max-image-preview":"max-image-preview:large","max-video-preview":"max-video-preview:-1"},"canonical":"https:\/\/tree.escolaopenmind.com\/","og_locale":"en_US","og_type":"article","og_title":"Link Tree | Escola Open Mind","og_description":"Saiba mais: Guia Pr\u00e1tico para Entrevista em Ingl\u00eas Grupo VIP no WhatsApp: Guia Pr\u00e1tico Site Escola Open Mind WhatsApp Instagram TikTok YouTube Linkedin","og_url":"https:\/\/tree.escolaopenmind.com\/","og_site_name":"Link Tree Escola Open Mind","article_modified_time":"2024-06-29T14:24:18+00:00","twitter_card":"summary_large_image","twitter_misc":{"Est. reading time":"1 minute"},"schema":{"@context":"https:\/\/schema.org","@graph":[{"@type":"WebPage","@id":"https:\/\/tree.escolaopenmind.com\/","url":"https:\/\/tree.escolaopenmind.com\/","name":"Link Tree | Escola Open Mind - Link Tree Escola Open Mind","isPartOf":{"@id":"https:\/\/tree.escolaopenmind.com\/#website"},"datePublished":"2023-06-29T17:14:08+00:00","dateModified":"2024-06-29T14:24:18+00:00","breadcrumb":{"@id":"https:\/\/tree.escolaopenmind.com\/#breadcrumb"},"inLanguage":"en-US","potentialAction":[{"@type":"ReadAction","target":["https:\/\/tree.escolaopenmind.com\/"]}]},{"@type":"BreadcrumbList","@id":"https:\/\/tree.escolaopenmind.com\/#breadcrumb","itemListElement":[{"@type":"ListItem","position":1,"name":"Home","item":"https:\/\/tree.escolaopenmind.com\/"},{"@type":"ListItem","position":2,"name":"Link Tree | Escola Open Mind"}]},{"@type":"WebSite","@id":"https:\/\/tree.escolaopenmind.com\/#website","url":"https:\/\/tree.escolaopenmind.com\/","name":"Link Tree Escola Open Mind","description":"","publisher":{"@id":"https:\/\/tree.escolaopenmind.com\/#organization"},"potentialAction":[{"@type":"SearchAction","target":{"@type":"EntryPoint","urlTemplate":"https:\/\/tree.escolaopenmind.com\/?s={search_term_string}"},"query-input":"required name=search_term_string"}],"inLanguage":"en-US"},{"@type":["Organization","Place"],"@id":"https:\/\/tree.escolaopenmind.com\/#organization","name":"Escola Open Mind","url":"https:\/\/tree.escolaopenmind.com\/","logo":{"@id":"https:\/\/tree.escolaopenmind.com\/#local-main-organization-logo"},"image":{"@id":"https:\/\/tree.escolaopenmind.com\/#local-main-organization-logo"},"openingHoursSpecification":[{"@type":"OpeningHoursSpecification","dayOfWeek":["Sunday","Monday","Tuesday","Wednesday","Thursday","Friday","Saturday"],"opens":"09:00","closes":"17:00"}]},{"@type":"ImageObject","inLanguage":"en-US","@id":"https:\/\/tree.escolaopenmind.com\/#local-main-organization-logo","url":"https:\/\/tree.escolaopenmind.com\/wp-content\/uploads\/2023\/06\/icon.png","contentUrl":"https:\/\/tree.escolaopenmind.com\/wp-content\/uploads\/2023\/06\/icon.png","width":500,"height":500,"caption":"Escola Open Mind"}]}},"_links":{"self":[{"href":"https:\/\/tree.escolaopenmind.com\/index.php\/wp-json\/wp\/v2\/pages\/13"}],"collection":[{"href":"https:\/\/tree.escolaopenmind.com\/index.php\/wp-json\/wp\/v2\/pages"}],"about":[{"href":"https:\/\/tree.escolaopenmind.com\/index.php\/wp-json\/wp\/v2\/types\/page"}],"author":[{"embeddable":true,"href":"https:\/\/tree.escolaopenmind.com\/index.php\/wp-json\/wp\/v2\/users\/1"}],"replies":[{"embeddable":true,"href":"https:\/\/tree.escolaopenmind.com\/index.php\/wp-json\/wp\/v2\/comments?post=13"}],"version-history":[{"count":22,"href":"https:\/\/tree.escolaopenmind.com\/index.php\/wp-json\/wp\/v2\/pages\/13\/revisions"}],"predecessor-version":[{"id":53,"href":"https:\/\/tree.escolaopenmind.com\/index.php\/wp-json\/wp\/v2\/pages\/13\/revisions\/53"}],"wp:attachment":[{"href":"https:\/\/tree.escolaopenmind.com\/index.php\/wp-json\/wp\/v2\/media?parent=13"}],"curies":[{"name":"wp","href":"https:\/\/api.w.org\/{rel}","templated":true}]}}